{"id":47190,"date":"2026-01-13T14:51:41","date_gmt":"2026-01-13T14:51:41","guid":{"rendered":"https:\/\/www.cellagrande.it\/?post_type=product&#038;p=47190"},"modified":"2026-01-13T14:54:04","modified_gmt":"2026-01-13T14:54:04","slug":"degustazione-formaggi-dalta-quota-2","status":"publish","type":"product","link":"https:\/\/www.cellagrande.it\/en\/prodotto\/degustazione-formaggi-dalta-quota-2\/","title":{"rendered":"Degustazione Formaggi d&#8217;alta Quota"},"content":{"rendered":"<p data-start=\"294\" data-end=\"1138\">Un viaggio tra i sapori delle montagne con sei eccellenze casearie della <strong data-start=\"410\" data-end=\"427\">Valle d\u2019Aosta<\/strong>, pensato per chi desidera scoprire la variet\u00e0 e la ricchezza della tradizione alpina. La degustazione include la <strong data-start=\"541\" data-end=\"567\">Fontina DOP d\u2019Alpeggio<\/strong>, cremosa e avvolgente; il <strong data-start=\"594\" data-end=\"610\">Gran Gessato<\/strong>, delicato e raffinato; il <strong data-start=\"637\" data-end=\"656\" data-is-only-node=\"\">Bon Bleu d\u2019Ayas<\/strong> e il <strong data-start=\"662\" data-end=\"681\">Neige de Brebis<\/strong>, intensi e complessi; la <strong data-start=\"707\" data-end=\"725\">Tometta Fresca<\/strong>, fresca e leggera; e la <strong data-start=\"750\" data-end=\"769\">Toma La Gustosa<\/strong>, dal profumo deciso e gusto pieno. Ogni formaggio viene prodotto artigianalmente con latte di alta quota e racconta l\u2019identit\u00e0 unica del territorio. Il peso \u00e8 da considerarsi \u201ccirca\u201d, poich\u00e9 la lavorazione \u00e8 ancora interamente manuale. Una selezione perfetta per chi cerca autenticit\u00e0, qualit\u00e0 e l\u2019emozione di assaporare formaggi d\u2019alpeggio in tutta la loro variet\u00e0.<\/p>\n<p data-start=\"1140\" data-end=\"1325\"><strong data-start=\"1140\" data-end=\"1191\">Ingredienti e valori nutrizionali per formaggio<\/strong><br data-start=\"1191\" data-end=\"1194\" \/>(Fontina, Gran Gessato, Bon Bleu, Neige de Brebis, Tometta Fresca, Toma La Gustosa \u2013 riportati come da schede tecniche allegate).<\/p>\n<p data-start=\"1327\" data-end=\"1827\"><strong data-start=\"1327\" data-end=\"1341\">Avvertenze<\/strong><br data-start=\"1341\" data-end=\"1344\" \/>I nostri prodotti sono frutto di un sapere artigianale e appartengono a una produzione di nicchia. Poich\u00e9 vogliamo preservare le tradizioni della caseificazione, alcuni formaggi sono realizzati con <strong data-start=\"1542\" data-end=\"1557\">LATTE CRUDO<\/strong>: si consiglia quindi di prestare attenzione nella loro somministrazione a bambini sotto i 5 anni, persone anziane e individui immunodepressi.<br data-start=\"1699\" data-end=\"1702\" \/><strong data-start=\"1702\" data-end=\"1715\">Allergeni<\/strong>: Latte e derivati (compreso lattosio). Prodotto non raccomandato in gravidanza e per soggetti immunodepressi.<\/p>\n","protected":false},"excerpt":{"rendered":"<p>Selezione di sei formaggi valdostani d\u2019alpeggio dal gusto autentico che spazia da cremoso a intenso e aromatico \u00a0200g circa<\/p>\n","protected":false},"featured_media":47237,"comment_status":"closed","ping_status":"closed","template":"","meta":[],"product_brand":[],"product_cat":[27],"product_tag":[],"class_list":{"0":"post-47190","1":"product","2":"type-product","3":"status-publish","4":"has-post-thumbnail","6":"product_cat-formaggi","8":"first","9":"instock","10":"shipping-taxable","11":"purchasable","12":"product-type-simple"},"yoast_head":"<!-- This site is optimized with the Yoast SEO plugin v26.9 - https:\/\/yoast.com\/product\/yoast-seo-wordpress\/ -->\n<title>Degustazione Formaggi d&#039;alta Quota - Cellagrande<\/title>\n<meta name=\"robots\" content=\"index, follow, max-snippet:-1, max-image-preview:large, max-video-preview:-1\" \/>\n<link rel=\"canonical\" href=\"https:\/\/www.cellagrande.it\/en\/prodotto\/degustazione-formaggi-dalta-quota-2\/\" \/>\n<meta property=\"og:locale\" content=\"en_US\" \/>\n<meta property=\"og:type\" content=\"article\" \/>\n<meta property=\"og:title\" content=\"Degustazione Formaggi d&#039;alta Quota - Cellagrande\" \/>\n<meta property=\"og:description\" content=\"Selezione di sei formaggi valdostani d\u2019alpeggio dal gusto autentico che spazia da cremoso a intenso e aromatico \u00a0200g circa\" \/>\n<meta property=\"og:url\" content=\"https:\/\/www.cellagrande.it\/en\/prodotto\/degustazione-formaggi-dalta-quota-2\/\" \/>\n<meta property=\"og:site_name\" content=\"Cellagrande\" \/>\n<meta property=\"article:publisher\" content=\"https:\/\/www.facebook.com\/CellaGrande\" \/>\n<meta property=\"article:modified_time\" content=\"2026-01-13T14:54:04+00:00\" \/>\n<meta property=\"og:image\" content=\"https:\/\/www.cellagrande.it\/wp-content\/uploads\/2026\/01\/POST-TCHAVANA-1012-x-1350-px.jpg\" \/>\n\t<meta property=\"og:image:width\" content=\"1012\" \/>\n\t<meta property=\"og:image:height\" content=\"1350\" \/>\n\t<meta property=\"og:image:type\" content=\"image\/jpeg\" \/>\n<meta name=\"twitter:card\" content=\"summary_large_image\" \/>\n<meta name=\"twitter:label1\" content=\"Est. reading time\" \/>\n\t<meta name=\"twitter:data1\" content=\"1 minute\" \/>\n<script type=\"application\/ld+json\" class=\"yoast-schema-graph\">{\"@context\":\"https:\/\/schema.org\",\"@graph\":[{\"@type\":\"WebPage\",\"@id\":\"https:\/\/www.cellagrande.it\/en\/prodotto\/degustazione-formaggi-dalta-quota-2\/\",\"url\":\"https:\/\/www.cellagrande.it\/en\/prodotto\/degustazione-formaggi-dalta-quota-2\/\",\"name\":\"Degustazione Formaggi d'alta Quota - Cellagrande\",\"isPartOf\":{\"@id\":\"https:\/\/www.cellagrande.it\/en\/#website\"},\"primaryImageOfPage\":{\"@id\":\"https:\/\/www.cellagrande.it\/en\/prodotto\/degustazione-formaggi-dalta-quota-2\/#primaryimage\"},\"image\":{\"@id\":\"https:\/\/www.cellagrande.it\/en\/prodotto\/degustazione-formaggi-dalta-quota-2\/#primaryimage\"},\"thumbnailUrl\":\"https:\/\/www.cellagrande.it\/wp-content\/uploads\/2026\/01\/POST-TCHAVANA-1012-x-1350-px.jpg\",\"datePublished\":\"2026-01-13T14:51:41+00:00\",\"dateModified\":\"2026-01-13T14:54:04+00:00\",\"breadcrumb\":{\"@id\":\"https:\/\/www.cellagrande.it\/en\/prodotto\/degustazione-formaggi-dalta-quota-2\/#breadcrumb\"},\"inLanguage\":\"en-US\",\"potentialAction\":[{\"@type\":\"ReadAction\",\"target\":[\"https:\/\/www.cellagrande.it\/en\/prodotto\/degustazione-formaggi-dalta-quota-2\/\"]}]},{\"@type\":\"ImageObject\",\"inLanguage\":\"en-US\",\"@id\":\"https:\/\/www.cellagrande.it\/en\/prodotto\/degustazione-formaggi-dalta-quota-2\/#primaryimage\",\"url\":\"https:\/\/www.cellagrande.it\/wp-content\/uploads\/2026\/01\/POST-TCHAVANA-1012-x-1350-px.jpg\",\"contentUrl\":\"https:\/\/www.cellagrande.it\/wp-content\/uploads\/2026\/01\/POST-TCHAVANA-1012-x-1350-px.jpg\",\"width\":1012,\"height\":1350},{\"@type\":\"BreadcrumbList\",\"@id\":\"https:\/\/www.cellagrande.it\/en\/prodotto\/degustazione-formaggi-dalta-quota-2\/#breadcrumb\",\"itemListElement\":[{\"@type\":\"ListItem\",\"position\":1,\"name\":\"Home\",\"item\":\"https:\/\/www.cellagrande.it\/en\/\"},{\"@type\":\"ListItem\",\"position\":2,\"name\":\"Shop\",\"item\":\"https:\/\/www.cellagrande.it\/negozio\/\"},{\"@type\":\"ListItem\",\"position\":3,\"name\":\"Degustazione Formaggi d&#8217;alta Quota\"}]},{\"@type\":\"WebSite\",\"@id\":\"https:\/\/www.cellagrande.it\/en\/#website\",\"url\":\"https:\/\/www.cellagrande.it\/en\/\",\"name\":\"https:\/\/www.cellagrande.it\/\",\"description\":\"\",\"publisher\":{\"@id\":\"https:\/\/www.cellagrande.it\/en\/#organization\"},\"potentialAction\":[{\"@type\":\"SearchAction\",\"target\":{\"@type\":\"EntryPoint\",\"urlTemplate\":\"https:\/\/www.cellagrande.it\/en\/?s={search_term_string}\"},\"query-input\":{\"@type\":\"PropertyValueSpecification\",\"valueRequired\":true,\"valueName\":\"search_term_string\"}}],\"inLanguage\":\"en-US\"},{\"@type\":\"Organization\",\"@id\":\"https:\/\/www.cellagrande.it\/en\/#organization\",\"name\":\"Cellagrande\",\"url\":\"https:\/\/www.cellagrande.it\/en\/\",\"logo\":{\"@type\":\"ImageObject\",\"inLanguage\":\"en-US\",\"@id\":\"https:\/\/www.cellagrande.it\/en\/#\/schema\/logo\/image\/\",\"url\":\"https:\/\/www.cellagrande.it\/wp-content\/uploads\/2022\/09\/cropped-cropped-Schermata-2022-09-17-alle-13.04.33.png\",\"contentUrl\":\"https:\/\/www.cellagrande.it\/wp-content\/uploads\/2022\/09\/cropped-cropped-Schermata-2022-09-17-alle-13.04.33.png\",\"width\":512,\"height\":512,\"caption\":\"Cellagrande\"},\"image\":{\"@id\":\"https:\/\/www.cellagrande.it\/en\/#\/schema\/logo\/image\/\"},\"sameAs\":[\"https:\/\/www.facebook.com\/CellaGrande\",\"https:\/\/www.instagram.com\/cella_grande\/\"]}]}<\/script>\n<!-- \/ Yoast SEO plugin. -->","yoast_head_json":{"title":"Degustazione Formaggi d'alta Quota - Cellagrande","robots":{"index":"index","follow":"follow","max-snippet":"max-snippet:-1","max-image-preview":"max-image-preview:large","max-video-preview":"max-video-preview:-1"},"canonical":"https:\/\/www.cellagrande.it\/en\/prodotto\/degustazione-formaggi-dalta-quota-2\/","og_locale":"en_US","og_type":"article","og_title":"Degustazione Formaggi d'alta Quota - Cellagrande","og_description":"Selezione di sei formaggi valdostani d\u2019alpeggio dal gusto autentico che spazia da cremoso a intenso e aromatico \u00a0200g circa","og_url":"https:\/\/www.cellagrande.it\/en\/prodotto\/degustazione-formaggi-dalta-quota-2\/","og_site_name":"Cellagrande","article_publisher":"https:\/\/www.facebook.com\/CellaGrande","article_modified_time":"2026-01-13T14:54:04+00:00","og_image":[{"width":1012,"height":1350,"url":"https:\/\/www.cellagrande.it\/wp-content\/uploads\/2026\/01\/POST-TCHAVANA-1012-x-1350-px.jpg","type":"image\/jpeg"}],"twitter_card":"summary_large_image","twitter_misc":{"Est. reading time":"1 minute"},"schema":{"@context":"https:\/\/schema.org","@graph":[{"@type":"WebPage","@id":"https:\/\/www.cellagrande.it\/en\/prodotto\/degustazione-formaggi-dalta-quota-2\/","url":"https:\/\/www.cellagrande.it\/en\/prodotto\/degustazione-formaggi-dalta-quota-2\/","name":"Degustazione Formaggi d'alta Quota - Cellagrande","isPartOf":{"@id":"https:\/\/www.cellagrande.it\/en\/#website"},"primaryImageOfPage":{"@id":"https:\/\/www.cellagrande.it\/en\/prodotto\/degustazione-formaggi-dalta-quota-2\/#primaryimage"},"image":{"@id":"https:\/\/www.cellagrande.it\/en\/prodotto\/degustazione-formaggi-dalta-quota-2\/#primaryimage"},"thumbnailUrl":"https:\/\/www.cellagrande.it\/wp-content\/uploads\/2026\/01\/POST-TCHAVANA-1012-x-1350-px.jpg","datePublished":"2026-01-13T14:51:41+00:00","dateModified":"2026-01-13T14:54:04+00:00","breadcrumb":{"@id":"https:\/\/www.cellagrande.it\/en\/prodotto\/degustazione-formaggi-dalta-quota-2\/#breadcrumb"},"inLanguage":"en-US","potentialAction":[{"@type":"ReadAction","target":["https:\/\/www.cellagrande.it\/en\/prodotto\/degustazione-formaggi-dalta-quota-2\/"]}]},{"@type":"ImageObject","inLanguage":"en-US","@id":"https:\/\/www.cellagrande.it\/en\/prodotto\/degustazione-formaggi-dalta-quota-2\/#primaryimage","url":"https:\/\/www.cellagrande.it\/wp-content\/uploads\/2026\/01\/POST-TCHAVANA-1012-x-1350-px.jpg","contentUrl":"https:\/\/www.cellagrande.it\/wp-content\/uploads\/2026\/01\/POST-TCHAVANA-1012-x-1350-px.jpg","width":1012,"height":1350},{"@type":"BreadcrumbList","@id":"https:\/\/www.cellagrande.it\/en\/prodotto\/degustazione-formaggi-dalta-quota-2\/#breadcrumb","itemListElement":[{"@type":"ListItem","position":1,"name":"Home","item":"https:\/\/www.cellagrande.it\/en\/"},{"@type":"ListItem","position":2,"name":"Shop","item":"https:\/\/www.cellagrande.it\/negozio\/"},{"@type":"ListItem","position":3,"name":"Degustazione Formaggi d&#8217;alta Quota"}]},{"@type":"WebSite","@id":"https:\/\/www.cellagrande.it\/en\/#website","url":"https:\/\/www.cellagrande.it\/en\/","name":"https:\/\/www.cellagrande.it\/","description":"","publisher":{"@id":"https:\/\/www.cellagrande.it\/en\/#organization"},"potentialAction":[{"@type":"SearchAction","target":{"@type":"EntryPoint","urlTemplate":"https:\/\/www.cellagrande.it\/en\/?s={search_term_string}"},"query-input":{"@type":"PropertyValueSpecification","valueRequired":true,"valueName":"search_term_string"}}],"inLanguage":"en-US"},{"@type":"Organization","@id":"https:\/\/www.cellagrande.it\/en\/#organization","name":"Cellagrande","url":"https:\/\/www.cellagrande.it\/en\/","logo":{"@type":"ImageObject","inLanguage":"en-US","@id":"https:\/\/www.cellagrande.it\/en\/#\/schema\/logo\/image\/","url":"https:\/\/www.cellagrande.it\/wp-content\/uploads\/2022\/09\/cropped-cropped-Schermata-2022-09-17-alle-13.04.33.png","contentUrl":"https:\/\/www.cellagrande.it\/wp-content\/uploads\/2022\/09\/cropped-cropped-Schermata-2022-09-17-alle-13.04.33.png","width":512,"height":512,"caption":"Cellagrande"},"image":{"@id":"https:\/\/www.cellagrande.it\/en\/#\/schema\/logo\/image\/"},"sameAs":["https:\/\/www.facebook.com\/CellaGrande","https:\/\/www.instagram.com\/cella_grande\/"]}]}},"_links":{"self":[{"href":"https:\/\/www.cellagrande.it\/en\/wp-json\/wp\/v2\/product\/47190","targetHints":{"allow":["GET"]}}],"collection":[{"href":"https:\/\/www.cellagrande.it\/en\/wp-json\/wp\/v2\/product"}],"about":[{"href":"https:\/\/www.cellagrande.it\/en\/wp-json\/wp\/v2\/types\/product"}],"replies":[{"embeddable":true,"href":"https:\/\/www.cellagrande.it\/en\/wp-json\/wp\/v2\/comments?post=47190"}],"wp:featuredmedia":[{"embeddable":true,"href":"https:\/\/www.cellagrande.it\/en\/wp-json\/wp\/v2\/media\/47237"}],"wp:attachment":[{"href":"https:\/\/www.cellagrande.it\/en\/wp-json\/wp\/v2\/media?parent=47190"}],"wp:term":[{"taxonomy":"product_brand","embeddable":true,"href":"https:\/\/www.cellagrande.it\/en\/wp-json\/wp\/v2\/product_brand?post=47190"},{"taxonomy":"product_cat","embeddable":true,"href":"https:\/\/www.cellagrande.it\/en\/wp-json\/wp\/v2\/product_cat?post=47190"},{"taxonomy":"product_tag","embeddable":true,"href":"https:\/\/www.cellagrande.it\/en\/wp-json\/wp\/v2\/product_tag?post=47190"}],"curies":[{"name":"wp","href":"https:\/\/api.w.org\/{rel}","templated":true}]}}